{"id":1366,"date":"2024-01-05T13:34:42","date_gmt":"2024-01-05T12:34:42","guid":{"rendered":"https:\/\/goga.a.vaia.cloud\/the-company\/"},"modified":"2025-10-22T15:08:23","modified_gmt":"2025-10-22T13:08:23","slug":"the-company","status":"publish","type":"page","link":"https:\/\/vison.se\/en\/the-company\/","title":{"rendered":"The company"},"content":{"rendered":"<section class=\"l-section wpb_row height_auto\"><div class=\"l-section-h i-cf\"><div class=\"g-cols vc_row via_flex valign_top type_default stacking_default\"><div class=\"vc_col-sm-12 wpb_column vc_column_container\"><div class=\"vc_column-inner\"><div class=\"wpb_wrapper\"><div class=\"w-separator hide_on_mobiles size_custom with_line width_default thick_1 style_solid color_border align_center\" style=\"height:4px\"><div class=\"w-separator-h\"><\/div><\/div><div class=\"w-separator size_medium\"><\/div><div class=\"wpb_text_column\"><div class=\"wpb_wrapper\"><h2>The company was founded<br \/>\nin 1978 by J\u00f6rgen Svensson<\/h2>\n<\/div><\/div><div class=\"w-separator size_medium\"><\/div><div class=\"w-separator size_small with_line width_default thick_1 style_solid color_border align_center\"><div class=\"w-separator-h\"><\/div><\/div><\/div><\/div><\/div><\/div><\/div><\/section><section class=\"l-section wpb_row height_medium\"><div class=\"l-section-h i-cf\"><div class=\"g-cols vc_row via_flex valign_top type_default stacking_default\"><div class=\"vc_col-sm-4 wpb_column vc_column_container\"><div class=\"vc_column-inner\"><div class=\"wpb_wrapper\"><div class=\"wpb_text_column\"><div class=\"wpb_wrapper\"><p><strong>History<\/strong><br \/>\nVison Byggprodukter AB is a second generation family business. The company Vison Ekonomi AB was founded in 1978 by J\u00f6rgen Svensson and at that time sales were mostly focused on tarpaulins.<\/p>\n<\/div><\/div><\/div><\/div><\/div><div class=\"vc_col-sm-8 wpb_column vc_column_container\"><div class=\"vc_column-inner\"><div class=\"wpb_wrapper\"><div class=\"w-image us_custom_dfdeb34f has_ratio align_none meta_modern\"><div class=\"w-image-h\"><div style=\"padding-bottom:56.25%\"><\/div><img decoding=\"async\" width=\"1800\" height=\"1195\" src=\"https:\/\/vison.se\/wp-content\/uploads\/jorgen-svensson-1987.jpg\" class=\"attachment-full size-full\" alt=\"\" loading=\"lazy\" \/><div class=\"w-image-meta\"><div class=\"w-image-title\">Vison Ekonomi AB, J\u00f6rgen Svensson med dotter<\/div><\/div><\/div><\/div><\/div><\/div><\/div><\/div><\/div><\/section><section class=\"l-section wpb_row us_custom_b705c2c4 height_small\"><div class=\"l-section-h i-cf\"><div class=\"g-cols vc_row via_flex valign_top type_default stacking_default\"><div class=\"vc_col-sm-4 wpb_column vc_column_container hide_on_tablets hide_on_mobiles\"><div class=\"vc_column-inner type_sticky\"><div class=\"wpb_wrapper\"><\/div><\/div><\/div><div class=\"vc_col-sm-12 vc_col-md-8 wpb_column vc_column_container\"><div class=\"vc_column-inner type_sticky\"><div class=\"wpb_wrapper\"><div class=\"g-cols wpb_row via_flex valign_top type_default stacking_default\"><div class=\"vc_col-sm-6 wpb_column vc_column_container\"><div class=\"vc_column-inner\"><div class=\"wpb_wrapper\"><div class=\"wpb_text_column\"><div class=\"wpb_wrapper\"><p><strong>Vison Byggprodukter AB<\/strong><br \/>\nSince 2013, the sons Bj\u00f6rne and T\u00f6rje Svensson have been running the company. In connection with the generational change, the business was transferred to a new company: Vison Byggprodukter AB. Since the mid-1980s, the company&#8217;s focus has been on building materials. Since then, we have developed several different waterproofing products for walls and roofs. Most of our products are marketed under our own Bison brand.<\/p>\n<p><strong>About us<\/strong><br \/>\nFinal manufacturing of our products is mostly done in Sweden. We therefore have good opportunities to deliver lengths, widths and prints according to customer requirements.<\/p>\n<p>Our customers are mainly retailers in the building trade, wholesalers and industry.<\/p>\n<\/div><\/div><\/div><\/div><\/div><div class=\"vc_col-sm-6 wpb_column vc_column_container\"><div class=\"vc_column-inner\"><div class=\"wpb_wrapper\"><div class=\"wpb_text_column\"><div class=\"wpb_wrapper\"><p><strong>Longevity<\/strong><br \/>\nOur customers should feel safe choosing products with the Bison brand. A large part of our range was already on sale in the 80s and 90s and we can therefore offer proven and safe construction products. Many of our products have a durability of at least 50 years.<\/p>\n<p><strong>Quality<\/strong><br \/>\nTo ensure a consistently high level of quality, our products are tested as much as possible by independent testing institutes. The tests carried out ensure that our products maintain the same high quality year after year. The tests relate to aging resistance, waterproofness, strength, etc. The majority of our products are environmentally assessed by Byggvarubed\u00f6mningen, BASTA and Sunda Hus.<\/p>\n<p><strong>Guarantee<\/strong><br \/>\nThanks to the fact that external tests are carried out on our products and that they are usually well proven, we feel confident about the quality of our products. So confident that we can offer a material warranty on many of our products.<\/p>\n<\/div><\/div><\/div><\/div><\/div><\/div><\/div><\/div><\/div><\/div><\/div><\/section><section class=\"l-section wpb_row us_custom_b19f3526 height_auto\"><div class=\"l-section-h i-cf\"><div class=\"g-cols vc_row via_flex valign_top type_default stacking_default\"><div class=\"vc_col-sm-4 wpb_column vc_column_container\"><div class=\"vc_column-inner\"><div class=\"wpb_wrapper\"><\/div><\/div><\/div><div class=\"vc_col-sm-8 wpb_column vc_column_container\"><div class=\"vc_column-inner type_sticky\"><div class=\"wpb_wrapper\"><div class=\"wpb_text_column\"><div class=\"wpb_wrapper\"><h6>Our vision<\/h6>\n<\/div><\/div><div class=\"wpb_text_column\"><div class=\"wpb_wrapper\"><h3>To develop and offer very high quality and long-lasting construction products at attractive prices.<\/h3>\n<\/div><\/div><\/div><\/div><\/div><\/div><\/div><\/section><section class=\"l-section wpb_row height_auto\"><div class=\"l-section-h i-cf\"><div class=\"g-cols vc_row via_flex valign_top type_default stacking_default\"><div class=\"vc_col-sm-12 wpb_column vc_column_container\"><div class=\"vc_column-inner\"><div class=\"wpb_wrapper\"><div class=\"w-separator size_small with_line width_default thick_1 style_solid color_border align_center\"><div class=\"w-separator-h\"><\/div><\/div><\/div><\/div><\/div><\/div><\/div><\/section><section class=\"l-section wpb_row height_medium\"><div class=\"l-section-h i-cf\"><div class=\"g-cols vc_row via_flex valign_top type_default stacking_default\"><div class=\"vc_col-sm-4 wpb_column vc_column_container\"><div class=\"vc_column-inner\"><div class=\"wpb_wrapper\"><div class=\"wpb_text_column\"><div class=\"wpb_wrapper\"><h6>Employees<\/h6>\n<\/div><\/div><\/div><\/div><\/div><div class=\"vc_col-sm-8 wpb_column vc_column_container\"><div class=\"vc_column-inner\"><div class=\"wpb_wrapper\"><div class=\"g-cols wpb_row via_flex valign_top type_default stacking_default\"><div class=\"vc_col-sm-6 wpb_column vc_column_container\"><div class=\"vc_column-inner\"><div class=\"wpb_wrapper\"><div class=\"w-image us_custom_dfdeb34f has_ratio align_none\"><div class=\"w-image-h\"><div style=\"padding-bottom:75%\"><\/div><img decoding=\"async\" width=\"800\" height=\"600\" src=\"https:\/\/vison.se\/wp-content\/uploads\/20240216-Bjorne_IMG_3427.jpg\" class=\"attachment-full size-full\" alt=\"\" loading=\"lazy\" \/><\/div><\/div><div class=\"w-separator size_small\"><\/div><div class=\"wpb_text_column\"><div class=\"wpb_wrapper\"><p><strong>Bj\u00f6rne Svensson<\/strong><\/p>\n<\/div><\/div><\/div><\/div><\/div><div class=\"vc_col-sm-6 wpb_column vc_column_container\"><div class=\"vc_column-inner\"><div class=\"wpb_wrapper\"><div class=\"w-image us_custom_dfdeb34f has_ratio align_none\"><div class=\"w-image-h\"><div style=\"padding-bottom:75%\"><\/div><img decoding=\"async\" width=\"800\" height=\"600\" src=\"https:\/\/vison.se\/wp-content\/uploads\/20240216-Torje_IMG_3472.jpg\" class=\"attachment-full size-full\" alt=\"\" loading=\"lazy\" \/><\/div><\/div><div class=\"w-separator size_small\"><\/div><div class=\"wpb_text_column\"><div class=\"wpb_wrapper\"><p><strong>T\u00f6rje Svensson<\/strong><\/p>\n<\/div><\/div><\/div><\/div><\/div><\/div><\/div><\/div><\/div><\/div><\/div><\/section>\n","protected":false},"excerpt":{"rendered":"The company was founded in 1978 by J\u00f6rgen Svensson History Vison Byggprodukter AB is a second generation family business. The company Vison Ekonomi AB was founded in 1978 by J\u00f6rgen Svensson and at that time sales were mostly focused on tarpaulins. Vison Ekonomi AB, J\u00f6rgen Svensson med dotterVison Byggprodukter AB Since 2013, the sons Bj\u00f6rne...","protected":false},"author":1,"featured_media":0,"parent":0,"menu_order":0,"comment_status":"closed","ping_status":"closed","template":"","meta":{"footnotes":""},"class_list":["post-1366","page","type-page","status-publish","hentry"],"_links":{"self":[{"href":"https:\/\/vison.se\/en\/wp-json\/wp\/v2\/pages\/1366","targetHints":{"allow":["GET"]}}],"collection":[{"href":"https:\/\/vison.se\/en\/wp-json\/wp\/v2\/pages"}],"about":[{"href":"https:\/\/vison.se\/en\/wp-json\/wp\/v2\/types\/page"}],"author":[{"embeddable":true,"href":"https:\/\/vison.se\/en\/wp-json\/wp\/v2\/users\/1"}],"replies":[{"embeddable":true,"href":"https:\/\/vison.se\/en\/wp-json\/wp\/v2\/comments?post=1366"}],"version-history":[{"count":3,"href":"https:\/\/vison.se\/en\/wp-json\/wp\/v2\/pages\/1366\/revisions"}],"predecessor-version":[{"id":1505,"href":"https:\/\/vison.se\/en\/wp-json\/wp\/v2\/pages\/1366\/revisions\/1505"}],"wp:attachment":[{"href":"https:\/\/vison.se\/en\/wp-json\/wp\/v2\/media?parent=1366"}],"curies":[{"name":"wp","href":"https:\/\/api.w.org\/{rel}","templated":true}]}}